{"id":542,"date":"2022-06-30T14:19:52","date_gmt":"2022-06-30T11:19:52","guid":{"rendered":"https:\/\/mld-index.info\/privacy-policy\/"},"modified":"2024-10-22T13:55:10","modified_gmt":"2024-10-22T10:55:10","slug":"privacy-policy","status":"publish","type":"page","link":"https:\/\/mld-index.info\/ro\/privacy-policy\/","title":{"rendered":"Politica de confiden\u021bialitate"},"content":{"rendered":"\r\n<p><\/p>\r\n\r\n\r\n\r\n<h2 class=\"wp-block-heading\">Comentarii<\/h2>\r\n\r\n\r\n\r\n<p>Dac\u0103 un vizitator las\u0103 un comentariu pe site, colect\u0103m datele specificate \u00een formularul de comentarii, precum \u0219i adresa IP a vizitatorului \u0219i datele utilizator-agent al browserului pentru a ajuta la identificarea spam-ului.<\/p>\r\n\r\n\r\n\r\n<h2 class=\"wp-block-heading\">Fi\u0219iere media<\/h2>\r\n\r\n\r\n\r\n<p>Dac\u0103 sunte\u021bi un utilizator \u00eenregistrat \u0219i \u00eenc\u0103rca\u021bi fotografii pe site, poate dori\u021bi s\u0103 evita\u021bi \u00eenc\u0103rcarea imaginilor cu metadate EXIF, deoarece acestea pot con\u021bine loca\u021bia dvs. GPS. Vizitatorii pot prelua aceste informa\u021bii desc\u0103rc\u00e2nd imagini de pe site.<\/p>\r\n\r\n\r\n\r\n<h2 class=\"wp-block-heading\">Cookie-uri<\/h2>\r\n\r\n\r\n\r\n<p>Dac\u0103 l\u0103sa\u021bi un comentariu pe site-ul nostru, pute\u021bi opta pentru salvarea numelui, a adresei de e-mail \u0219i a site-ului web \u00een cookie-uri. Acestea sunt pentru comoditatea dvs., astfel \u00eenc\u00e2t s\u0103 nu fie nevoie s\u0103 v\u0103 completa\u021bi din nou detaliile data viitoare c\u00e2nd comenta\u021bi. Aceste cookie-uri sunt stocate timp de un an.<\/p>\r\n\r\n\r\n\r\n<p>Dac\u0103 ave\u021bi un cont pe site \u0219i v\u0103 conecta\u021bi, vom seta un cookie temporar pentru a determina dac\u0103 browserul dumneavoastr\u0103 accept\u0103 cookie-uri, cookie-ul nu con\u021bine nicio informa\u021bie personal\u0103 \u0219i este \u0219ters c\u00e2nd \u00eenchide\u021bi browserul;<\/p>\r\n\r\n\r\n\r\n<p>C\u00e2nd v\u0103 conecta\u021bi la contul dvs., vom seta \u0219i c\u00e2teva module cookie cu informa\u021biile dvs. de conectare \u0219i preferin\u021bele de ecran. Cookie-urile de conectare dureaz\u0103 dou\u0103 zile, cookie-urile de set\u0103ri de ecran dureaz\u0103 un an. Dac\u0103 selecta\u021bi op\u021biunea \u201e\u021aine-m\u0103 minte\u201d, informa\u021biile tale de conectare vor fi p\u0103strate timp de dou\u0103 s\u0103pt\u0103m\u00e2ni. Deconectarea de la contul dvs. va elimina modulele cookie de conectare.<\/p>\r\n\r\n\r\n\r\n<p>La editarea sau publicarea unui articol, un cookie suplimentar va fi salvat \u00een browser nu con\u021bine date personale \u0219i con\u021bine doar ID-ul intr\u0103rii pe care a\u021bi editat-o \u200b\u200bexpir\u0103 dup\u0103 1 zi;<\/p>\r\n\r\n\r\n\r\n<h2 class=\"wp-block-heading\">Con\u021binut \u00eencorporat de pe alte site-uri web<\/h2>\r\n\r\n\r\n\r\n<p>Articolele de pe acest site pot include con\u021binut \u00eencorporat (cum ar fi videoclipuri, imagini, articole etc.), acest con\u021binut se comport\u0103 \u00een acela\u0219i mod ca \u0219i cum vizitatorul ar fi vizitat un alt site.<\/p>\r\n\r\n\r\n\r\n<p>Aceste site-uri pot colecta date despre dvs., pot utiliza cookie-uri, pot \u00eencorpora urm\u0103rire suplimentar\u0103 de la ter\u021bi \u0219i v\u0103 pot monitoriza interac\u021biunea cu con\u021binutul \u00eencorporat, inclusiv urm\u0103rirea interac\u021biunii dvs. dac\u0103 ave\u021bi un cont \u0219i sunte\u021bi conectat la acel site.<\/p>\r\n\r\n\r\n\r\n<h2 class=\"wp-block-heading\">Cui \u00eemp\u0103rt\u0103\u0219im datele dvs.?<\/h2>\r\n\r\n\r\n\r\n<p>Dac\u0103 solicita\u021bi o resetare a parolei, IP-ul dvs. va fi inclus \u00een e-mailul de resetare.<\/p>\r\n\r\n\r\n\r\n<h2 class=\"wp-block-heading\">C\u00e2t timp p\u0103str\u0103m datele dvs<\/h2>\r\n\r\n\r\n\r\n<p>Dac\u0103 l\u0103sa\u021bi un comentariu, comentariul \u00een sine \u0219i metadatele sale sunt p\u0103strate pe termen nelimitat. Acest lucru se face astfel \u00eenc\u00e2t comentariile ulterioare s\u0103 poat\u0103 fi identificate \u0219i aprobate automat, mai degrab\u0103 dec\u00e2t s\u0103 fie plasate \u00eentr-o coad\u0103 pentru aprobare.<\/p>\r\n\r\n\r\n\r\n<p>Pentru utilizatorii care se \u00eenregistreaz\u0103 pe site-ul nostru, stoc\u0103m informa\u021biile personale pe care le furnizeaz\u0103 \u00een profilul lor. To\u021bi utilizatorii \u00ee\u0219i pot vedea, edita sau \u0219terge informa\u021biile de profil \u00een orice moment (cu excep\u021bia numelui de utilizator). De asemenea, administra\u021bia site-ului web poate vedea \u0219i modifica aceste informa\u021bii.<\/p>\r\n\r\n\r\n\r\n<h2 class=\"wp-block-heading\">Ce drepturi ave\u021bi asupra datelor dvs.?<\/h2>\r\n\r\n\r\n\r\n<p>Dac\u0103 ave\u021bi cont pe site, sau dac\u0103 a\u021bi l\u0103sat comentarii, pute\u021bi solicita un fi\u0219ier exportat cu datele personale pe care le-am stocat despre dumneavoastr\u0103, inclusiv datele pe care le-a\u021bi furnizat. De asemenea, pute\u021bi solicita \u0219tergerea acestor date, acestea nu includ datele pe care suntem obliga\u021bi s\u0103 le p\u0103str\u0103m \u00een scopuri administrative, legale sau de securitate.<\/p>\r\n\r\n\r\n\r\n<h2 class=\"wp-block-heading\">Unde sunt trimise datele tale?<\/h2>\r\n\r\n\r\n\r\n<p>Comentariile utilizatorilor pot fi verificate de un serviciu automat de detectare a spam-ului.<\/p>\r\n","protected":false},"excerpt":{"rendered":"<p>Comentarii Dac\u0103 un vizitator las\u0103 un comentariu pe site, colect\u0103m datele specificate \u00een formularul de comentarii, precum \u0219i adresa IP a vizitatorului \u0219i datele utilizator-agent al browserului pentru a ajuta la identificarea spam-ului. Fi\u0219iere media Dac\u0103 sunte\u021bi un utilizator \u00eenregistrat \u0219i \u00eenc\u0103rca\u021bi fotografii pe site, poate dori\u021bi s\u0103 evita\u021bi \u00eenc\u0103rcarea imaginilor cu metadate EXIF, deoarece [&hellip;]<\/p>\n","protected":false},"author":1,"featured_media":0,"parent":0,"menu_order":0,"comment_status":"closed","ping_status":"open","template":"","meta":{"footnotes":""},"class_list":["post-542","page","type-page","status-publish"],"yoast_head":"<!-- This site is optimized with the Yoast SEO plugin v24.3 - https:\/\/yoast.com\/wordpress\/plugins\/seo\/ -->\n<title>Politica de confiden\u021bialitate - MLD-Index<\/title>\n<meta name=\"robots\" content=\"index, follow, max-snippet:-1, max-image-preview:large, max-video-preview:-1\" \/>\n<link rel=\"canonical\" href=\"https:\/\/mld-index.info\/privacy-policy\/\" \/>\n<meta property=\"og:locale\" content=\"ro_RO\" \/>\n<meta property=\"og:type\" content=\"article\" \/>\n<meta property=\"og:title\" content=\"Politica de confiden\u021bialitate - MLD-Index\" \/>\n<meta property=\"og:description\" content=\"Comentarii Dac\u0103 un vizitator las\u0103 un comentariu pe site, colect\u0103m datele specificate \u00een formularul de comentarii, precum \u0219i adresa IP a vizitatorului \u0219i datele utilizator-agent al browserului pentru a ajuta la identificarea spam-ului. Fi\u0219iere media Dac\u0103 sunte\u021bi un utilizator \u00eenregistrat \u0219i \u00eenc\u0103rca\u021bi fotografii pe site, poate dori\u021bi s\u0103 evita\u021bi \u00eenc\u0103rcarea imaginilor cu metadate EXIF, deoarece [&hellip;]\" \/>\n<meta property=\"og:url\" content=\"https:\/\/mld-index.info\/privacy-policy\/\" \/>\n<meta property=\"og:site_name\" content=\"MLD-Index\" \/>\n<meta property=\"article:modified_time\" content=\"2024-10-22T10:55:10+00:00\" \/>\n<meta name=\"twitter:card\" content=\"summary_large_image\" \/>\n<meta name=\"twitter:label1\" content=\"Timp estimat pentru citire\" \/>\n\t<meta name=\"twitter:data1\" content=\"3 minute\" \/>\n<script type=\"application\/ld+json\" class=\"yoast-schema-graph\">{\"@context\":\"https:\/\/schema.org\",\"@graph\":[{\"@type\":\"WebPage\",\"@id\":\"https:\/\/mld-index.info\/privacy-policy\/\",\"url\":\"https:\/\/mld-index.info\/privacy-policy\/\",\"name\":\"Politica de confiden\u021bialitate - MLD-Index\",\"isPartOf\":{\"@id\":\"https:\/\/mld-index.info\/#website\"},\"datePublished\":\"2022-06-30T11:19:52+00:00\",\"dateModified\":\"2024-10-22T10:55:10+00:00\",\"breadcrumb\":{\"@id\":\"https:\/\/mld-index.info\/privacy-policy\/#breadcrumb\"},\"inLanguage\":\"ro-RO\",\"potentialAction\":[{\"@type\":\"ReadAction\",\"target\":[\"https:\/\/mld-index.info\/privacy-policy\/\"]}]},{\"@type\":\"BreadcrumbList\",\"@id\":\"https:\/\/mld-index.info\/privacy-policy\/#breadcrumb\",\"itemListElement\":[{\"@type\":\"ListItem\",\"position\":1,\"name\":\"\u0413\u043b\u0430\u0432\u043d\u0430\u044f \u0441\u0442\u0440\u0430\u043d\u0438\u0446\u0430\",\"item\":\"https:\/\/mld-index.info\/\"},{\"@type\":\"ListItem\",\"position\":2,\"name\":\"Politica de confiden\u021bialitate\"}]},{\"@type\":\"WebSite\",\"@id\":\"https:\/\/mld-index.info\/#website\",\"url\":\"https:\/\/mld-index.info\/\",\"name\":\"MLD-Index\",\"description\":\"\",\"potentialAction\":[{\"@type\":\"SearchAction\",\"target\":{\"@type\":\"EntryPoint\",\"urlTemplate\":\"https:\/\/mld-index.info\/?s={search_term_string}\"},\"query-input\":{\"@type\":\"PropertyValueSpecification\",\"valueRequired\":true,\"valueName\":\"search_term_string\"}}],\"inLanguage\":\"ro-RO\"}]}<\/script>\n<!-- \/ Yoast SEO plugin. -->","yoast_head_json":{"title":"Politica de confiden\u021bialitate - MLD-Index","robots":{"index":"index","follow":"follow","max-snippet":"max-snippet:-1","max-image-preview":"max-image-preview:large","max-video-preview":"max-video-preview:-1"},"canonical":"https:\/\/mld-index.info\/privacy-policy\/","og_locale":"ro_RO","og_type":"article","og_title":"Politica de confiden\u021bialitate - MLD-Index","og_description":"Comentarii Dac\u0103 un vizitator las\u0103 un comentariu pe site, colect\u0103m datele specificate \u00een formularul de comentarii, precum \u0219i adresa IP a vizitatorului \u0219i datele utilizator-agent al browserului pentru a ajuta la identificarea spam-ului. Fi\u0219iere media Dac\u0103 sunte\u021bi un utilizator \u00eenregistrat \u0219i \u00eenc\u0103rca\u021bi fotografii pe site, poate dori\u021bi s\u0103 evita\u021bi \u00eenc\u0103rcarea imaginilor cu metadate EXIF, deoarece [&hellip;]","og_url":"https:\/\/mld-index.info\/privacy-policy\/","og_site_name":"MLD-Index","article_modified_time":"2024-10-22T10:55:10+00:00","twitter_card":"summary_large_image","twitter_misc":{"Timp estimat pentru citire":"3 minute"},"schema":{"@context":"https:\/\/schema.org","@graph":[{"@type":"WebPage","@id":"https:\/\/mld-index.info\/privacy-policy\/","url":"https:\/\/mld-index.info\/privacy-policy\/","name":"Politica de confiden\u021bialitate - MLD-Index","isPartOf":{"@id":"https:\/\/mld-index.info\/#website"},"datePublished":"2022-06-30T11:19:52+00:00","dateModified":"2024-10-22T10:55:10+00:00","breadcrumb":{"@id":"https:\/\/mld-index.info\/privacy-policy\/#breadcrumb"},"inLanguage":"ro-RO","potentialAction":[{"@type":"ReadAction","target":["https:\/\/mld-index.info\/privacy-policy\/"]}]},{"@type":"BreadcrumbList","@id":"https:\/\/mld-index.info\/privacy-policy\/#breadcrumb","itemListElement":[{"@type":"ListItem","position":1,"name":"\u0413\u043b\u0430\u0432\u043d\u0430\u044f \u0441\u0442\u0440\u0430\u043d\u0438\u0446\u0430","item":"https:\/\/mld-index.info\/"},{"@type":"ListItem","position":2,"name":"Politica de confiden\u021bialitate"}]},{"@type":"WebSite","@id":"https:\/\/mld-index.info\/#website","url":"https:\/\/mld-index.info\/","name":"MLD-Index","description":"","potentialAction":[{"@type":"SearchAction","target":{"@type":"EntryPoint","urlTemplate":"https:\/\/mld-index.info\/?s={search_term_string}"},"query-input":{"@type":"PropertyValueSpecification","valueRequired":true,"valueName":"search_term_string"}}],"inLanguage":"ro-RO"}]}},"_links":{"self":[{"href":"https:\/\/mld-index.info\/ro\/wp-json\/wp\/v2\/pages\/542","targetHints":{"allow":["GET"]}}],"collection":[{"href":"https:\/\/mld-index.info\/ro\/wp-json\/wp\/v2\/pages"}],"about":[{"href":"https:\/\/mld-index.info\/ro\/wp-json\/wp\/v2\/types\/page"}],"author":[{"embeddable":true,"href":"https:\/\/mld-index.info\/ro\/wp-json\/wp\/v2\/users\/1"}],"replies":[{"embeddable":true,"href":"https:\/\/mld-index.info\/ro\/wp-json\/wp\/v2\/comments?post=542"}],"version-history":[{"count":6,"href":"https:\/\/mld-index.info\/ro\/wp-json\/wp\/v2\/pages\/542\/revisions"}],"predecessor-version":[{"id":10545,"href":"https:\/\/mld-index.info\/ro\/wp-json\/wp\/v2\/pages\/542\/revisions\/10545"}],"wp:attachment":[{"href":"https:\/\/mld-index.info\/ro\/wp-json\/wp\/v2\/media?parent=542"}],"curies":[{"name":"wp","href":"https:\/\/api.w.org\/{rel}","templated":true}]}}